{"id":964,"date":"2024-03-06T11:05:26","date_gmt":"2024-03-06T10:05:26","guid":{"rendered":"http:\/\/charlenepatra.com\/?page_id=964"},"modified":"2024-03-06T16:13:24","modified_gmt":"2024-03-06T15:13:24","slug":"964-2","status":"publish","type":"page","link":"http:\/\/charlenepatra.com\/index.php\/964-2\/","title":{"rendered":"D\u00e9couvrir l&rsquo;hypnose"},"content":{"rendered":"<p>[et_pb_section fb_built=\u00a0\u00bb1&Prime; custom_padding_last_edited=\u00a0\u00bbon|phone\u00a0\u00bb admin_label=\u00a0\u00bbHero Section\u00a0\u00bb _builder_version=\u00a0\u00bb4.23.4&Prime; _module_preset=\u00a0\u00bbdefault\u00a0\u00bb background_enable_color=\u00a0\u00bboff\u00a0\u00bb background_image=\u00a0\u00bbhttp:\/\/charlenepatra.com\/wp-content\/uploads\/2024\/01\/Fond-site-internet17.png\u00a0\u00bb min_height=\u00a0\u00bb361.7px\u00a0\u00bb min_height_tablet=\u00a0\u00bb361.7px\u00a0\u00bb min_height_phone=\u00a0\u00bb242.2px\u00a0\u00bb min_height_last_edited=\u00a0\u00bbon|phone\u00a0\u00bb height=\u00a0\u00bb1000px\u00a0\u00bb max_height=\u00a0\u00bb233px\u00a0\u00bb custom_margin_tablet=\u00a0\u00bb\u00a0\u00bb custom_margin_phone=\u00a0\u00bb-52px||-13px||false|false\u00a0\u00bb custom_margin_last_edited=\u00a0\u00bbon|phone\u00a0\u00bb custom_padding=\u00a0\u00bb1px|0px|49px|0px||\u00a0\u00bb custom_padding_tablet=\u00a0\u00bb38px|0px|49px|0px||\u00a0\u00bb custom_padding_phone=\u00a0\u00bb72px|0px|42px|0px|false|false\u00a0\u00bb bottom_divider_style=\u00a0\u00bbwave2&Prime; bottom_divider_color=\u00a0\u00bb#FFFFFF\u00a0\u00bb bottom_divider_style_tablet=\u00a0\u00bbarrow3&Prime; bottom_divider_style_phone=\u00a0\u00bbwave2&Prime; bottom_divider_style_last_edited=\u00a0\u00bbon|phone\u00a0\u00bb bottom_divider_height_tablet=\u00a0\u00bb\u00a0\u00bb bottom_divider_height_phone=\u00a0\u00bb50px\u00a0\u00bb bottom_divider_height_last_edited=\u00a0\u00bbon|phone\u00a0\u00bb global_colors_info=\u00a0\u00bb{}\u00a0\u00bb][et_pb_row custom_padding_last_edited=\u00a0\u00bbon|phone\u00a0\u00bb _builder_version=\u00a0\u00bb4.23.4&Prime; _module_preset=\u00a0\u00bbdefault\u00a0\u00bb background_size=\u00a0\u00bbinitial\u00a0\u00bb background_position=\u00a0\u00bbtop_left\u00a0\u00bb background_repeat=\u00a0\u00bbrepeat\u00a0\u00bb custom_margin_tablet=\u00a0\u00bb\u00a0\u00bb custom_margin_phone=\u00a0\u00bb-30px||0px||false|false\u00a0\u00bb custom_margin_last_edited=\u00a0\u00bbon|phone\u00a0\u00bb custom_padding=\u00a0\u00bb0px|50px||||\u00a0\u00bb custom_padding_tablet=\u00a0\u00bb0px|50px||||\u00a0\u00bb custom_padding_phone=\u00a0\u00bb0px|4px|0px||false|false\u00a0\u00bb global_colors_info=\u00a0\u00bb{}\u00a0\u00bb][et_pb_column type=\u00a0\u00bb4_4&Prime; _builder_version=\u00a0\u00bb4.16&Prime; _module_preset=\u00a0\u00bbdefault\u00a0\u00bb custom_padding=\u00a0\u00bb60px|||\u00a0\u00bb global_colors_info=\u00a0\u00bb{}\u00a0\u00bb custom_padding__hover=\u00a0\u00bb|||\u00a0\u00bb][et_pb_text _builder_version=\u00a0\u00bb4.24.2&Prime; _module_preset=\u00a0\u00bbdefault\u00a0\u00bb text_font=\u00a0\u00bbAclonica||||||||\u00a0\u00bb header_font=\u00a0\u00bbAlex Brush||||||||\u00a0\u00bb header_text_align=\u00a0\u00bbcenter\u00a0\u00bb header_text_color=\u00a0\u00bb#f6dae8&Prime; header_font_size=\u00a0\u00bb90px\u00a0\u00bb header_line_height=\u00a0\u00bb1.3em\u00a0\u00bb background_enable_color=\u00a0\u00bboff\u00a0\u00bb custom_margin=\u00a0\u00bb-40px|||||\u00a0\u00bb custom_margin_tablet=\u00a0\u00bb-40px|||||\u00a0\u00bb custom_margin_phone=\u00a0\u00bb0px|0px|0px||false|false\u00a0\u00bb custom_margin_last_edited=\u00a0\u00bbon|phone\u00a0\u00bb custom_padding=\u00a0\u00bb62px|0px||63px|false|false\u00a0\u00bb custom_padding_tablet=\u00a0\u00bb|0px|||false|false\u00a0\u00bb custom_padding_phone=\u00a0\u00bb0px|0px|0px|37px|false|false\u00a0\u00bb custom_padding_last_edited=\u00a0\u00bbon|phone\u00a0\u00bb animation_style=\u00a0\u00bbfold\u00a0\u00bb hover_enabled=\u00a0\u00bb0&Prime; header_text_align_tablet=\u00a0\u00bbcenter\u00a0\u00bb header_text_align_phone=\u00a0\u00bbcenter\u00a0\u00bb header_text_align_last_edited=\u00a0\u00bbon|phone\u00a0\u00bb header_font_size_tablet=\u00a0\u00bb62px\u00a0\u00bb header_font_size_phone=\u00a0\u00bb37px\u00a0\u00bb header_font_size_last_edited=\u00a0\u00bbon|phone\u00a0\u00bb header_text_shadow_style=\u00a0\u00bbpreset2&Prime; border_radii=\u00a0\u00bbon|18px|18px|18px|18px\u00a0\u00bb global_colors_info=\u00a0\u00bb{}\u00a0\u00bb sticky_enabled=\u00a0\u00bb0&Prime;]<\/p>\n<h1>D\u00e9couvrir l&rsquo;hypnose<br \/><strong><\/strong><\/h1>\n<p>[\/et_pb_text][\/et_pb_column][\/et_pb_row][\/et_pb_section][et_pb_section fb_built=\u00a0\u00bb1&Prime; admin_label=\u00a0\u00bbBecome a Member Section\u00a0\u00bb _builder_version=\u00a0\u00bb4.19.4&Prime; _module_preset=\u00a0\u00bbdefault\u00a0\u00bb background_color=\u00a0\u00bb#FFFFFF\u00a0\u00bb min_height=\u00a0\u00bb460px\u00a0\u00bb custom_margin=\u00a0\u00bb2px||||false|false\u00a0\u00bb custom_padding=\u00a0\u00bb30px|0px|0px|0px|false|false\u00a0\u00bb global_colors_info=\u00a0\u00bb{}\u00a0\u00bb][et_pb_row _builder_version=\u00a0\u00bb4.24.2&Prime; _module_preset=\u00a0\u00bbdefault\u00a0\u00bb global_colors_info=\u00a0\u00bb{}\u00a0\u00bb][et_pb_column type=\u00a0\u00bb4_4&Prime; _builder_version=\u00a0\u00bb4.24.2&Prime; _module_preset=\u00a0\u00bbdefault\u00a0\u00bb global_colors_info=\u00a0\u00bb{}\u00a0\u00bb][et_pb_text _builder_version=\u00a0\u00bb4.24.2&Prime; _module_preset=\u00a0\u00bbdefault\u00a0\u00bb text_font=\u00a0\u00bbVidaloka||||||||\u00a0\u00bb text_text_color=\u00a0\u00bb#801055&Prime; text_font_size=\u00a0\u00bb22px\u00a0\u00bb custom_padding=\u00a0\u00bb||4px|||\u00a0\u00bb global_colors_info=\u00a0\u00bb{}\u00a0\u00bb]<\/p>\n<p>L&rsquo;\u00e9tat d&rsquo;hypnose<\/p>\n<p>[\/et_pb_text][et_pb_text _builder_version=\u00a0\u00bb4.24.2&Prime; _module_preset=\u00a0\u00bbdefault\u00a0\u00bb text_font=\u00a0\u00bbAbhaya Libre||||||||\u00a0\u00bb text_text_color=\u00a0\u00bb#000000&Prime; text_font_size=\u00a0\u00bb18px\u00a0\u00bb text_orientation=\u00a0\u00bbjustified\u00a0\u00bb global_colors_info=\u00a0\u00bb{}\u00a0\u00bb]<\/p>\n<p style=\"text-align: justify;\"><span>L&rsquo;\u00e9tat d\u2019hypnose est un \u00e9tat de conscience modifi\u00e9. Chacun fait l\u2019exp\u00e9rience de cet \u00e9tat. Penser \u00e0 autre chose et s\u2019\u00e9vader dans ses r\u00eaveries lorsque qu\u2019on conduit sa voiture ; lire un roman, puis se perdre dans le fil de ses pens\u00e9es ; \u00eatre compl\u00e8tement absorb\u00e9 par un paysage, au point d\u2019en oublier le r\u00e9el : \u00e0 chaque fois, ce sont des \u00e9tats d\u2019hypnose. C\u2019est donc un \u00e9tat normal, qui nous permet simplement de percevoir le r\u00e9el un peu diff\u00e9remment.<\/span><\/p>\n<p><span>Lors d\u2019une s\u00e9ance d&rsquo;hypnose, vous \u00eates donc conscient de tout ce qui se passe. Vous restez aux commandes et pouvez remonter \u00e0 la surface \u00e0 tout moment.<\/span><\/p>\n<p>[\/et_pb_text][et_pb_text _builder_version=\u00a0\u00bb4.24.2&Prime; _module_preset=\u00a0\u00bbdefault\u00a0\u00bb text_font=\u00a0\u00bbVidaloka||||||||\u00a0\u00bb text_text_color=\u00a0\u00bb#801055&Prime; text_font_size=\u00a0\u00bb22px\u00a0\u00bb custom_padding=\u00a0\u00bb||4px|||\u00a0\u00bb global_colors_info=\u00a0\u00bb{}\u00a0\u00bb]<\/p>\n<p>L&rsquo;inconscient<\/p>\n<p>[\/et_pb_text][et_pb_text _builder_version=\u00a0\u00bb4.24.2&Prime; _module_preset=\u00a0\u00bbdefault\u00a0\u00bb text_font=\u00a0\u00bbAbhaya Libre||||||||\u00a0\u00bb text_text_color=\u00a0\u00bb#000000&Prime; text_font_size=\u00a0\u00bb18px\u00a0\u00bb text_orientation=\u00a0\u00bbjustified\u00a0\u00bb global_colors_info=\u00a0\u00bb{}\u00a0\u00bb]<\/p>\n<p><span>L\u2019inconscient est comme un ordinateur avec des milliers de programmes que nous avons acquis depuis notre naissance.<\/span><\/p>\n<p><span>Le r\u00f4le premier de l&rsquo;inconscient est de nous maintenir en vie. Il active chaque seconde toutes nos fonctions vitales. L&rsquo;inconscient joue aussi un grand r\u00f4le sur notre psychisme. En effet, environ 90% de nos pens\u00e9es sont inconscientes. Ces pens\u00e9es peuvent entra\u00eener des cons\u00e9quences n\u00e9gatives sur notre vie m\u00eame si notre inconscient cherche uniquement \u00e0 nous prot\u00e9ger (ne pas reproduire une situation, nous prot\u00e9ger d&rsquo;un danger, par exemple).<\/span><\/p>\n<p><span>L&rsquo;hypnose travaille donc avec l&rsquo;inconscient. En \u00e9tat d\u2019hypnose, les suggestions bienveillantes du praticien voyagent jusqu&rsquo;\u00e0 votre inconscient. Celui-ci se laisse impr\u00e9gner du positif des messages cach\u00e9s dans les histoires racont\u00e9es pour se d\u00e9faire des sch\u00e9mas de pens\u00e9es n\u00e9gatives. Il va alors modifier les programmes existants pour vous mener vers plus d\u2019\u00e9panouissement et de bonheur. C\u2019est l\u2019inconscient qui d\u00e9cide des changements \u00e0 faire dans votre int\u00e9r\u00eat. Le praticien ne fait que sugg\u00e9rer de nouveaux programmes possibles. <\/span><\/p>\n<p>[\/et_pb_text][\/et_pb_column][\/et_pb_row][\/et_pb_section][et_pb_section fb_built=\u00a0\u00bb1&Prime; prev_background_color=\u00a0\u00bb#FFFFFF\u00a0\u00bb next_background_color=\u00a0\u00bb#ffffff\u00a0\u00bb _builder_version=\u00a0\u00bb4.24.2&Prime; _module_preset=\u00a0\u00bbdefault\u00a0\u00bb background_image=\u00a0\u00bbhttp:\/\/charlenepatra.com\/wp-content\/uploads\/2022\/08\/DSC_0307-scaled.jpg\u00a0\u00bb max_height=\u00a0\u00bb1076px\u00a0\u00bb custom_padding=\u00a0\u00bb||123px|||\u00a0\u00bb top_divider_style=\u00a0\u00bbmountains2&Prime; top_divider_height_tablet=\u00a0\u00bb\u00a0\u00bb top_divider_height_phone=\u00a0\u00bb54px\u00a0\u00bb top_divider_height_last_edited=\u00a0\u00bbon|phone\u00a0\u00bb bottom_divider_style=\u00a0\u00bbmountains2&Prime; bottom_divider_height_tablet=\u00a0\u00bb\u00a0\u00bb bottom_divider_height_phone=\u00a0\u00bb60px\u00a0\u00bb bottom_divider_height_last_edited=\u00a0\u00bbon|phone\u00a0\u00bb global_colors_info=\u00a0\u00bb{}\u00a0\u00bb][\/et_pb_section][et_pb_section fb_built=\u00a0\u00bb1&Prime; _builder_version=\u00a0\u00bb4.24.2&Prime; _module_preset=\u00a0\u00bbdefault\u00a0\u00bb custom_padding=\u00a0\u00bb3px|||||\u00a0\u00bb global_colors_info=\u00a0\u00bb{}\u00a0\u00bb][et_pb_row _builder_version=\u00a0\u00bb4.24.2&Prime; _module_preset=\u00a0\u00bbdefault\u00a0\u00bb global_colors_info=\u00a0\u00bb{}\u00a0\u00bb][et_pb_column type=\u00a0\u00bb4_4&Prime; _builder_version=\u00a0\u00bb4.24.2&Prime; _module_preset=\u00a0\u00bbdefault\u00a0\u00bb global_colors_info=\u00a0\u00bb{}\u00a0\u00bb][et_pb_text _builder_version=\u00a0\u00bb4.24.2&Prime; _module_preset=\u00a0\u00bbdefault\u00a0\u00bb text_font=\u00a0\u00bbVidaloka||||||||\u00a0\u00bb text_text_color=\u00a0\u00bb#801055&Prime; text_font_size=\u00a0\u00bb22px\u00a0\u00bb custom_padding=\u00a0\u00bb15px||4px|||\u00a0\u00bb global_colors_info=\u00a0\u00bb{}\u00a0\u00bb]<\/p>\n<p>Tout le monde est-il r\u00e9ceptif \u00e0 l&rsquo;hypnose ?<\/p>\n<p>[\/et_pb_text][et_pb_text _builder_version=\u00a0\u00bb4.24.2&Prime; _module_preset=\u00a0\u00bbdefault\u00a0\u00bb text_font=\u00a0\u00bbAbhaya Libre||||||||\u00a0\u00bb text_text_color=\u00a0\u00bb#000000&Prime; text_font_size=\u00a0\u00bb18px\u00a0\u00bb text_orientation=\u00a0\u00bbjustified\u00a0\u00bb global_colors_info=\u00a0\u00bb{}\u00a0\u00bb]<\/p>\n<p><span>L\u2019hypnose fonctionne lorsqu\u2019une personne fait la d\u00e9marche d&rsquo;aller voir un praticien en hypnose. Son souhait sinc\u00e8re d\u2019aller mieux, ainsi que sa confiance dans le praticien permet \u00e0 son inconscient de se plonger en \u00e9tat d\u2019hypnose.<\/span><\/p>\n<p><span>En hypnose spectacle, tout le monde n&rsquo;est pas r\u00e9ceptif, par peur d\u2019\u00eatre ridiculis\u00e9. Leur inconscient les prot\u00e8ge. L&rsquo;hypnose th\u00e9rapeutique est diff\u00e9rente de l&rsquo;hypnose spectacle, fondamentalement parce qu&rsquo;un th\u00e9rapeute cherche avant tout votre bien \u00eatre et votre bonheur.<\/span><\/p>\n<p>[\/et_pb_text][et_pb_text _builder_version=\u00a0\u00bb4.24.2&Prime; _module_preset=\u00a0\u00bbdefault\u00a0\u00bb text_font=\u00a0\u00bbVidaloka||||||||\u00a0\u00bb text_text_color=\u00a0\u00bb#801055&Prime; text_font_size=\u00a0\u00bb22px\u00a0\u00bb custom_padding=\u00a0\u00bb15px||4px|||\u00a0\u00bb global_colors_info=\u00a0\u00bb{}\u00a0\u00bb]<\/p>\n<p>L&rsquo;hypnose SAJECE<\/p>\n<p>[\/et_pb_text][et_pb_text _builder_version=\u00a0\u00bb4.24.2&Prime; _module_preset=\u00a0\u00bbdefault\u00a0\u00bb text_font=\u00a0\u00bbAbhaya Libre||||||||\u00a0\u00bb text_text_color=\u00a0\u00bb#000000&Prime; text_font_size=\u00a0\u00bb18px\u00a0\u00bb text_orientation=\u00a0\u00bbjustified\u00a0\u00bb global_colors_info=\u00a0\u00bb{}\u00a0\u00bb]<\/p>\n<p><span>J&rsquo;utilise la m\u00e9thode d\u2019hypnose SAJECE qui est une th\u00e9rapie br\u00e8ve. C&rsquo;est une m\u00e9thode d\u2019hypnose douce, d\u00e9riv\u00e9e de l\u2019hypnose Ericksonienne, et cr\u00e9\u00e9e par Camille Griselin. Gr\u00e2ce \u00e0 l&rsquo;\u00e9tat d&rsquo;hypnose, le praticien sugg\u00e8re des changements positifs dans l&rsquo;inconscient de la personne \u00e0 l\u2019aide de contes m\u00e9taphoriques, afin de l\u2019aider \u00e0 atteindre l\u2019objectif qu&rsquo;elle s&rsquo;est donn\u00e9. Son but est \u00e9galement de redonner le pouvoir \u00e0 la personne de choisir pour elle-m\u00eame. Ainsi, rien n\u2019est impos\u00e9 \u00e0 la personne. Cette m\u00e9thode est bas\u00e9e sur la valorisation, l\u2019encouragement, la confiance et l\u2019amour.<\/span><\/p>\n<p><span>Avec cette m\u00e9thode, l\u2019objectif est d\u2019obtenir des r\u00e9sultats durables. Les histoires racont\u00e9es sugg\u00e8rent des solutions, une voie d\u2019\u00e9panouissement \u00e0 l\u2019inconscient mais agissent aussi directement sur les origines \u00e9motionnelles. Lib\u00e9rer les \u00e9motions en lien avec la probl\u00e9matique \u00e9vite notamment un d\u00e9placement du sympt\u00f4me.<\/span><\/p>\n<p>[\/et_pb_text][\/et_pb_column][\/et_pb_row][\/et_pb_section][et_pb_section fb_built=\u00a0\u00bb1&Prime; prev_background_color=\u00a0\u00bb#ffffff\u00a0\u00bb next_background_color=\u00a0\u00bb#ffffff\u00a0\u00bb _builder_version=\u00a0\u00bb4.24.2&Prime; _module_preset=\u00a0\u00bbdefault\u00a0\u00bb background_image=\u00a0\u00bbhttp:\/\/charlenepatra.com\/wp-content\/uploads\/2022\/08\/1659362323697-2-scaled.jpg\u00a0\u00bb min_height=\u00a0\u00bb271px\u00a0\u00bb top_divider_style=\u00a0\u00bbmountains2&Prime; top_divider_height_tablet=\u00a0\u00bb\u00a0\u00bb top_divider_height_phone=\u00a0\u00bb50px\u00a0\u00bb top_divider_height_last_edited=\u00a0\u00bbon|phone\u00a0\u00bb bottom_divider_style=\u00a0\u00bbmountains2&Prime; bottom_divider_height_tablet=\u00a0\u00bb\u00a0\u00bb bottom_divider_height_phone=\u00a0\u00bb50px\u00a0\u00bb bottom_divider_height_last_edited=\u00a0\u00bbon|phone\u00a0\u00bb global_colors_info=\u00a0\u00bb{}\u00a0\u00bb][\/et_pb_section][et_pb_section fb_built=\u00a0\u00bb1&Prime; _builder_version=\u00a0\u00bb4.24.2&Prime; _module_preset=\u00a0\u00bbdefault\u00a0\u00bb custom_padding=\u00a0\u00bb6px|||||\u00a0\u00bb global_colors_info=\u00a0\u00bb{}\u00a0\u00bb][et_pb_row _builder_version=\u00a0\u00bb4.24.2&Prime; _module_preset=\u00a0\u00bbdefault\u00a0\u00bb global_colors_info=\u00a0\u00bb{}\u00a0\u00bb][et_pb_column type=\u00a0\u00bb4_4&Prime; _builder_version=\u00a0\u00bb4.24.2&Prime; _module_preset=\u00a0\u00bbdefault\u00a0\u00bb global_colors_info=\u00a0\u00bb{}\u00a0\u00bb][et_pb_text _builder_version=\u00a0\u00bb4.24.2&Prime; _module_preset=\u00a0\u00bbdefault\u00a0\u00bb text_font=\u00a0\u00bbVidaloka||||||||\u00a0\u00bb text_text_color=\u00a0\u00bb#801055&Prime; text_font_size=\u00a0\u00bb22px\u00a0\u00bb custom_padding=\u00a0\u00bb15px||4px|||\u00a0\u00bb global_colors_info=\u00a0\u00bb{}\u00a0\u00bb]<\/p>\n<p>Ce que l&rsquo;on peut travailler avec l&rsquo;hypnose<\/p>\n<p>[\/et_pb_text][et_pb_text _builder_version=\u00a0\u00bb4.24.2&Prime; _module_preset=\u00a0\u00bbdefault\u00a0\u00bb text_font=\u00a0\u00bbAbhaya Libre||||||||\u00a0\u00bb text_text_color=\u00a0\u00bb#000000&Prime; text_font_size=\u00a0\u00bb18px\u00a0\u00bb global_colors_info=\u00a0\u00bb{}\u00a0\u00bb]<\/p>\n<p><span>Tous les th\u00e8mes peuvent \u00eatre abord\u00e9s en hypnose mais voici quelques exemples :<\/span><\/p>\n<ul>\n<li>Am\u00e9liorer la confiance en soi<\/li>\n<li>Stress, angoisses<\/li>\n<li>Phobies et peurs<\/li>\n<li>Troubles du sommeil<\/li>\n<li>Traumatismes ou chocs \u00e9motionnels<\/li>\n<li>Deuil, s\u00e9paration<\/li>\n<li><span>Lib\u00e9rer des \u00e9motions comme la col\u00e8re ou la culpabilit\u00e9<\/span><\/li>\n<li>Accompagnement \u00e0 la maternit\u00e9\/parentalit\u00e9<\/li>\n<li>Douleurs<\/li>\n<li>Addictions<\/li>\n<li><span>Troubles alimentaires, retrouver son poids id\u00e9al<\/span><\/li>\n<\/ul>\n<p><span>\u00a0<\/span><span>Si vous avez un doute ou une question, je vous invite \u00e0 me contacter pour que nous en discutions.<\/span><\/p>\n<p>[\/et_pb_text][\/et_pb_column][\/et_pb_row][et_pb_row _builder_version=\u00a0\u00bb4.24.2&Prime; _module_preset=\u00a0\u00bbdefault\u00a0\u00bb global_colors_info=\u00a0\u00bb{}\u00a0\u00bb][et_pb_column type=\u00a0\u00bb4_4&Prime; _builder_version=\u00a0\u00bb4.24.2&Prime; _module_preset=\u00a0\u00bbdefault\u00a0\u00bb global_colors_info=\u00a0\u00bb{}\u00a0\u00bb][et_pb_button button_url=\u00a0\u00bb@ET-DC@eyJkeW5hbWljIjp0cnVlLCJjb250ZW50IjoicG9zdF9saW5rX3VybF9wYWdlIiwic2V0dGluZ3MiOnsicG9zdF9pZCI6IjEyMSJ9fQ==@\u00a0\u00bb button_text=\u00a0\u00bbEn savoir plus sur le d\u00e9roulement d&rsquo;une s\u00e9ance\u00a0\u00bb button_alignment=\u00a0\u00bbcenter\u00a0\u00bb _builder_version=\u00a0\u00bb4.24.2&Prime; _dynamic_attributes=\u00a0\u00bbbutton_url\u00a0\u00bb _module_preset=\u00a0\u00bbdefault\u00a0\u00bb custom_button=\u00a0\u00bbon\u00a0\u00bb button_border_radius=\u00a0\u00bb40px\u00a0\u00bb button_font=\u00a0\u00bbVidaloka||||||||\u00a0\u00bb button_icon=\u00a0\u00bb&#x3d;||divi||400&Prime; hover_enabled=\u00a0\u00bb0&Prime; global_colors_info=\u00a0\u00bb{}\u00a0\u00bb sticky_enabled=\u00a0\u00bb0&Prime;][\/et_pb_button][\/et_pb_column][\/et_pb_row][\/et_pb_section]<\/p>\n","protected":false},"excerpt":{"rendered":"<p>D\u00e9couvrir l&rsquo;hypnoseL&rsquo;\u00e9tat d&rsquo;hypnoseL&rsquo;\u00e9tat d\u2019hypnose est un \u00e9tat de conscience modifi\u00e9. Chacun fait l\u2019exp\u00e9rience de cet \u00e9tat. Penser \u00e0 autre chose et s\u2019\u00e9vader dans ses r\u00eaveries lorsque qu\u2019on conduit sa voiture ; lire un roman, puis se perdre dans le fil de ses pens\u00e9es ; \u00eatre compl\u00e8tement absorb\u00e9 par un paysage, au point d\u2019en oublier le [&hellip;]<\/p>\n","protected":false},"author":1,"featured_media":0,"parent":0,"menu_order":0,"comment_status":"closed","ping_status":"closed","template":"","meta":{"_et_pb_use_builder":"on","_et_pb_old_content":"","_et_gb_content_width":"","footnotes":""},"class_list":["post-964","page","type-page","status-publish","hentry"],"_links":{"self":[{"href":"http:\/\/charlenepatra.com\/index.php\/wp-json\/wp\/v2\/pages\/964","targetHints":{"allow":["GET"]}}],"collection":[{"href":"http:\/\/charlenepatra.com\/index.php\/wp-json\/wp\/v2\/pages"}],"about":[{"href":"http:\/\/charlenepatra.com\/index.php\/wp-json\/wp\/v2\/types\/page"}],"author":[{"embeddable":true,"href":"http:\/\/charlenepatra.com\/index.php\/wp-json\/wp\/v2\/users\/1"}],"replies":[{"embeddable":true,"href":"http:\/\/charlenepatra.com\/index.php\/wp-json\/wp\/v2\/comments?post=964"}],"version-history":[{"count":13,"href":"http:\/\/charlenepatra.com\/index.php\/wp-json\/wp\/v2\/pages\/964\/revisions"}],"predecessor-version":[{"id":1022,"href":"http:\/\/charlenepatra.com\/index.php\/wp-json\/wp\/v2\/pages\/964\/revisions\/1022"}],"wp:attachment":[{"href":"http:\/\/charlenepatra.com\/index.php\/wp-json\/wp\/v2\/media?parent=964"}],"curies":[{"name":"wp","href":"https:\/\/api.w.org\/{rel}","templated":true}]}}